{"id":10,"date":"2019-08-21T09:05:25","date_gmt":"2019-08-21T09:05:25","guid":{"rendered":"https:\/\/materials.international\/?page_id=10"},"modified":"2020-10-20T16:06:30","modified_gmt":"2020-10-20T16:06:30","slug":"issue-1","status":"publish","type":"page","link":"https:\/\/conferenceproceedings.international\/?page_id=10","title":{"rendered":"Issue 1"},"content":{"rendered":"\n<p class=\"has-text-align-center\"><\/p>\n\n\n\n<p class=\"has-text-align-center has-accent-1-color has-text-color\"><strong>Volume 1, Issue 1, 2019<\/strong>,<strong> 15.10.2019<\/strong><\/p>\n\n\n\n<p class=\"has-text-align-center has-accent-1-color has-text-color\"><strong>Proceedings of the 3<\/strong><sup><strong>rd<\/strong><\/sup><strong>&nbsp;Conference of the Romanian Electron Microscopy Society &#8211; CREMS 2019,  Poiana Bra\u0219ov, October 23-25, 2019<\/strong><\/p>\n\n\n\n<hr class=\"wp-block-separator is-style-wide\"\/>\n\n\n\n<h2 class=\"wp-block-heading\"><strong>(1)  Editorial &#8211; Proceedings of the 3<\/strong><sup><strong>rd<\/strong><\/sup><strong> Conference of the Romanian Electron Microscopy Society &#8211; C.R.E.M.S. 2019 (Poiana Bra\u0219ov, Romania, October 23-25, 2019) <\/strong><\/h2>\n\n\n\n<p class=\"has-text-align-right\"><a href=\"https:\/\/doi.org\/10.33263\/Proceedings11.001003\">https:\/\/doi.org\/10.33263\/Proceedings11.001003<\/a><\/p>\n\n\n\n<p>Corneliu Ghica, Catalina Mihalcea, Valentin Adrian Maraloiu, Bogdan Stefan Vasile<\/p>\n\n\n\n<div class=\"wp-block-file alignright\"><a href=\"https:\/\/conferenceproceedings.international\/wp-content\/uploads\/2020\/10\/26686384.11.00010003.pdf\" class=\"wp-block-file__button\" download>Download<\/a><\/div>\n\n\n\n<p class=\"has-text-align-right\"><\/p>\n\n\n\n<hr class=\"wp-block-separator is-style-wide\"\/>\n\n\n\n<h2 class=\"wp-block-heading\">(2) <strong>Electrospun fibers for biomimetic applications<\/strong><\/h2>\n\n\n\n<p class=\"has-text-align-right\"><a href=\"https:\/\/doi.org\/10.33263\/Proceedings11.00040005\">https:\/\/doi.org\/10.33263\/Proceedings11.00040005<\/a><\/p>\n\n\n\n<p>M. Beregoi, A. Evanghelidis, E. Matei, V. Diculescu, I. Enculescu<\/p>\n\n\n\n<div class=\"wp-block-file alignright\"><a href=\"https:\/\/conferenceproceedings.international\/wp-content\/uploads\/2020\/10\/26686384.11.00040005.pdf\" class=\"wp-block-file__button\" download>Download<\/a><\/div>\n\n\n\n<p><\/p>\n\n\n\n<hr class=\"wp-block-separator is-style-wide\"\/>\n\n\n\n<h2 class=\"wp-block-heading\">(3) <strong>Polymer fibers produced by electrospinning technique<\/strong><\/h2>\n\n\n\n<p class=\"has-text-align-right\"><a href=\"https:\/\/doi.org\/10.33263\/Proceedings11.00060007\">https:\/\/doi.org\/10.33263\/Proceedings11.00060007<\/a><\/p>\n\n\n\n<p>M. Enculescu, A. Evanghelidis, I. Enculescu<\/p>\n\n\n\n<div class=\"wp-block-file alignright\"><a href=\"https:\/\/conferenceproceedings.international\/wp-content\/uploads\/2020\/10\/26686384.11.00060007.pdf\" class=\"wp-block-file__button\" download>Download<\/a><\/div>\n\n\n\n<p><\/p>\n\n\n\n<hr class=\"wp-block-separator is-style-wide\"\/>\n\n\n\n<h2 class=\"wp-block-heading\">(4) <strong>Atomic resolution structural and analytical characterization of layered precipitates in special alloys for high-temperature applications<\/strong><\/h2>\n\n\n\n<p class=\"has-text-align-right\"><a href=\"https:\/\/doi.org\/10.33263\/Proceedings11.00080010\">https:\/\/doi.org\/10.33263\/Proceedings11.00080010<\/a><\/p>\n\n\n\n<p>C. Ghica, C. Sol\u00eds, J. Munke, A. Stark, B. Gehrmann, M. Bergner, J. R\u00f6sler, R. Gilles<\/p>\n\n\n\n<div class=\"wp-block-file alignright\"><a href=\"https:\/\/conferenceproceedings.international\/wp-content\/uploads\/2020\/10\/26686384.11.00080010.pdf\" class=\"wp-block-file__button\" download>Download<\/a><\/div>\n\n\n\n<p><\/p>\n\n\n\n<hr class=\"wp-block-separator is-style-wide\"\/>\n\n\n\n<h2 class=\"wp-block-heading\">(5) <strong>Phase instability of the topmost surface layer of Inconel-718 superalloy in low-temperature gas carburization atmosphere, revealed by means of (HR)(S)TEM<\/strong><\/h2>\n\n\n\n<p class=\"has-text-align-right\"><a href=\"https:\/\/doi.org\/10.33263\/Proceedings11.00110012\">https:\/\/doi.org\/10.33263\/Proceedings11.00110012<\/a><\/p>\n\n\n\n<p>C. S\u0203rbu<\/p>\n\n\n\n<div class=\"wp-block-file alignright\"><a href=\"https:\/\/conferenceproceedings.international\/wp-content\/uploads\/2020\/10\/26686384.11.00110012.pdf\" class=\"wp-block-file__button\" download>Download<\/a><\/div>\n\n\n\n<p><\/p>\n\n\n\n<hr class=\"wp-block-separator is-style-wide\"\/>\n\n\n\n<h2 class=\"wp-block-heading\">(6) <strong>Microstructure investigation of r.f. current annealed FINEMET cold drawn microwires by UHR-TEM<\/strong><\/h2>\n\n\n\n<p class=\"has-text-align-right\"><a href=\"https:\/\/doi.org\/10.33263\/Proceedings11.00130014\">https:\/\/doi.org\/10.33263\/Proceedings11.00130014<\/a><\/p>\n\n\n\n<p>G. Ababei, A. Damian, G. Stoian, V. Dobrea, S. Corodeanu, N. Lupu, H. Chiriac<\/p>\n\n\n\n<div class=\"wp-block-file alignright\"><a href=\"https:\/\/conferenceproceedings.international\/wp-content\/uploads\/2020\/10\/26686384.11.00130014.pdf\" class=\"wp-block-file__button\" download>Download<\/a><\/div>\n\n\n\n<p><\/p>\n\n\n\n<hr class=\"wp-block-separator is-style-wide\"\/>\n\n\n\n<h2 class=\"wp-block-heading\">(7) <strong>Conduction anisotropy in carbon nanowall layers obtained by a low-pressure plasma jet<\/strong><\/h2>\n\n\n\n<p class=\"has-text-align-right\"><a href=\"https:\/\/doi.org\/10.33263\/Proceedings11.00150016\">https:\/\/doi.org\/10.33263\/Proceedings11.00150016<\/a><\/p>\n\n\n\n<p>B.I. Bi\u021b\u0103, S. Vizireanu, S.D. Stoica, S.Yehia, A. Radu, S. Iftimie, Gh. Dinescu<\/p>\n\n\n\n<div class=\"wp-block-file alignright\"><a href=\"https:\/\/conferenceproceedings.international\/wp-content\/uploads\/2020\/10\/26686384.11.00150016.pdf\" class=\"wp-block-file__button\" download>Download<\/a><\/div>\n\n\n\n<p><\/p>\n\n\n\n<hr class=\"wp-block-separator is-style-wide\"\/>\n\n\n\n<h2 class=\"wp-block-heading\">(8) <strong>Nanostructured coatings based on silver nanoparticles with applications in anti-infectious therapy<\/strong><\/h2>\n\n\n\n<p class=\"has-text-align-right\"><a href=\"https:\/\/doi.org\/10.33263\/Proceedings11.00170018\">https:\/\/doi.org\/10.33263\/Proceedings11.00170018<\/a><\/p>\n\n\n\n<p>B.S. Vasile, A.C. B\u00eerc\u0103, A.M. Grumezescu, F. Iordache, A.M. Holban, A.O. Stoica, I.A. Neac\u0219u, V.A. Surdu, R. Tru\u0219c\u0103<\/p>\n\n\n\n<div class=\"wp-block-file alignright\"><a href=\"https:\/\/conferenceproceedings.international\/wp-content\/uploads\/2020\/10\/26686384.11.00170018.pdf\" class=\"wp-block-file__button\" download>Download<\/a><\/div>\n\n\n\n<p><\/p>\n\n\n\n<hr class=\"wp-block-separator is-style-wide\"\/>\n\n\n\n<h2 class=\"wp-block-heading\">(9) <strong>Composite hydrogels with application in wound healing<\/strong><\/h2>\n\n\n\n<p class=\"has-text-align-right\"><a href=\"https:\/\/doi.org\/10.33263\/Proceedings11.00190020\">https:\/\/doi.org\/10.33263\/Proceedings11.00190020<\/a><\/p>\n\n\n\n<p>A.C. B\u00eerc\u0103, A.M. Grumezescu, F. Iordache, A.M. Holban, A.O. Stoica, I.A. Neac\u0219u, B.S. Vasile, V.A. Surdu, R. Tru\u0219c\u0103<\/p>\n\n\n\n<div class=\"wp-block-file alignright\"><a href=\"https:\/\/conferenceproceedings.international\/wp-content\/uploads\/2020\/10\/26686384.11.00190020.pdf\" class=\"wp-block-file__button\" download>Download<\/a><\/div>\n\n\n\n<p><\/p>\n\n\n\n<hr class=\"wp-block-separator is-style-wide\"\/>\n\n\n\n<h2 class=\"wp-block-heading\">(10) <strong>Characterization of mixing state of tropospheric aerosols by using scanning electron microscopy (SEM) and energy dispersive spectroscopy (EDS)<\/strong><\/h2>\n\n\n\n<p class=\"has-text-align-right\"><a href=\"https:\/\/doi.org\/10.33263\/Proceedings11.00210022\">https:\/\/doi.org\/10.33263\/Proceedings11.00210022<\/a><\/p>\n\n\n\n<p>M.M. Cazacu, N. Cimpoe\u0219u, S. E. B\u0103c\u0103i\u021b\u0103, M. Zaharia<\/p>\n\n\n\n<div class=\"wp-block-file alignright\"><a href=\"https:\/\/conferenceproceedings.international\/wp-content\/uploads\/2020\/10\/26686384.11.00210022.pdf\" class=\"wp-block-file__button\" download>Download<\/a><\/div>\n\n\n\n<p><\/p>\n\n\n\n<hr class=\"wp-block-separator is-style-wide\"\/>\n\n\n\n<h2 class=\"wp-block-heading\">(11) <strong>ZnO-CuO core-shell heterojunction nanowires for optoelectronic applications<\/strong><\/h2>\n\n\n\n<p class=\"has-text-align-right\"><a href=\"https:\/\/doi.org\/10.33263\/Proceedings11.00230024\">https:\/\/doi.org\/10.33263\/Proceedings11.00230024<\/a><\/p>\n\n\n\n<p>A. Costas, C. Florica, N. Preda, N. Apostol, A. Kuncser, A. Nitescu, I. Enculescu<\/p>\n\n\n\n<div class=\"wp-block-file alignright\"><a href=\"https:\/\/conferenceproceedings.international\/wp-content\/uploads\/2020\/10\/26686384.11.00230024.pdf\" class=\"wp-block-file__button\" download>Download<\/a><\/div>\n\n\n\n<p><\/p>\n\n\n\n<hr class=\"wp-block-separator is-style-wide\"\/>\n\n\n\n<h2 class=\"wp-block-heading\">(12) <strong>Influence of heat-treatment on microstructure and hardness of Al<sub>0.5<\/sub>Cr<sub>0.5<\/sub>Ni<sub>0.5<\/sub>TiZr<sub>1.5<\/sub>Nb<sub>1.5<\/sub> high entropy alloy<\/strong><\/h2>\n\n\n\n<p class=\"has-text-align-right\"><a href=\"https:\/\/doi.org\/10.33263\/Proceedings11.00250026\">https:\/\/doi.org\/10.33263\/Proceedings11.00250026<\/a><\/p>\n\n\n\n<p>M. Ghita, M. T. Olaru, D. Mitrica, M. Burada, C. Banica, D. Vonica<\/p>\n\n\n\n<div class=\"wp-block-file alignright\"><a href=\"https:\/\/conferenceproceedings.international\/wp-content\/uploads\/2020\/10\/26686384.11.00250026.pdf\" class=\"wp-block-file__button\" download>Download<\/a><\/div>\n\n\n\n<p><\/p>\n\n\n\n<hr class=\"wp-block-separator is-style-wide\"\/>\n\n\n\n<h2 class=\"wp-block-heading\">(13) <strong>On the thermal stability of mesoporous metal oxide systems decorated with metallic nanoparticles for gas sensing applications<\/strong><\/h2>\n\n\n\n<p class=\"has-text-align-right\"><a href=\"https:\/\/doi.org\/10.33263\/Proceedings11.00270028\">https:\/\/doi.org\/10.33263\/Proceedings11.00270028<\/a><\/p>\n\n\n\n<p>M. C. Istrate, V. A. Maraloiu<sup>,<\/sup> C. Radu, I. D. Vlaicu, S. Somacescu, A. Kuncser, C. Ghica<\/p>\n\n\n\n<div class=\"wp-block-file alignright\"><a href=\"https:\/\/conferenceproceedings.international\/wp-content\/uploads\/2020\/10\/26686384.11.00270028.pdf\" class=\"wp-block-file__button\" download>Download<\/a><\/div>\n\n\n\n<p><\/p>\n\n\n\n<hr class=\"wp-block-separator is-style-wide\"\/>\n\n\n\n<h2 class=\"wp-block-heading\">(14) <strong>Characterization of ceramic layers for thermal barriers coatings<\/strong><\/h2>\n\n\n\n<p class=\"has-text-align-right\"><a href=\"https:\/\/doi.org\/10.33263\/Proceedings11.00290031\">https:\/\/doi.org\/10.33263\/Proceedings11.00290031<\/a><\/p>\n\n\n\n<p>I. Mercioniu, A.M. Vlaicu, C. Ghica<\/p>\n\n\n\n<div class=\"wp-block-file alignright\"><a href=\"https:\/\/conferenceproceedings.international\/wp-content\/uploads\/2020\/10\/26686384.11.00290031.pdf\" class=\"wp-block-file__button\" download>Download<\/a><\/div>\n\n\n\n<p><\/p>\n\n\n\n<hr class=\"wp-block-separator is-style-wide\"\/>\n\n\n\n<h2 class=\"wp-block-heading\">(15) <strong>Microscopic investigations of the flotation tailings from Baia Mare Central Pond for highlighting the sulphides<\/strong><\/h2>\n\n\n\n<p class=\"has-text-align-right\"><a href=\"https:\/\/doi.org\/10.33263\/Proceedings11.00320033\">https:\/\/doi.org\/10.33263\/Proceedings11.00320033<\/a><\/p>\n\n\n\n<p>D.-C. Mihaiescu, A.-G. Vatui, S.-N. Valsan, F. Stoiciu, A.N. Ghita<sup> <\/sup>, M. Burada<sup> <\/sup>, M. Ghita<\/p>\n\n\n\n<div class=\"wp-block-file alignright\"><a href=\"https:\/\/conferenceproceedings.international\/wp-content\/uploads\/2020\/10\/26686384.11.00320033.pdf\" class=\"wp-block-file__button\" download>Download<\/a><\/div>\n\n\n\n<p><\/p>\n\n\n\n<hr class=\"wp-block-separator is-style-wide\"\/>\n\n\n\n<h2 class=\"wp-block-heading\">(16) <strong>Nanometric morpho-structural characterization of mesoporous metal oxide semiconductors for chemo-resistive gas sensors<\/strong><\/h2>\n\n\n\n<p class=\"has-text-align-right\"><a href=\"https:\/\/doi.org\/10.33263\/Proceedings11.00340035\">https:\/\/doi.org\/10.33263\/Proceedings11.00340035<\/a><\/p>\n\n\n\n<p>C. Mihalcea, A. C. Kuncser, I. F. Mercioniu, A. M. Vlaicu, S. Somacescu, C. Ghica<\/p>\n\n\n\n<div class=\"wp-block-file alignright\"><a href=\"https:\/\/conferenceproceedings.international\/wp-content\/uploads\/2020\/10\/26686384.11.00340035.pdf\" class=\"wp-block-file__button\" download>Download<\/a><\/div>\n\n\n\n<p><\/p>\n\n\n\n<hr class=\"wp-block-separator is-style-wide\"\/>\n\n\n\n<h2 class=\"wp-block-heading\">(17) <strong>Ultrastructural peculiarities in basal cell carcinoma<\/strong><\/h2>\n\n\n\n<p class=\"has-text-align-right\"><a href=\"https:\/\/doi.org\/10.33263\/Proceedings11.00360038\">https:\/\/doi.org\/10.33263\/Proceedings11.00360038<\/a><\/p>\n\n\n\n<p>A.-M. Moro\u015fanu, N. Mirancea, F.D. Juravle<\/p>\n\n\n\n<div class=\"wp-block-file alignright\"><a href=\"https:\/\/conferenceproceedings.international\/wp-content\/uploads\/2020\/10\/26686384.11.00360038.pdf\" class=\"wp-block-file__button\" download>Download<\/a><\/div>\n\n\n\n<p><\/p>\n\n\n\n<hr class=\"wp-block-separator is-style-wide\"\/>\n\n\n\n<h2 class=\"wp-block-heading\">(18) <strong>Ultrastructural changes in <em>in vitro<\/em> callus plant cells producing secondary metabolites<\/strong><\/h2>\n\n\n\n<p class=\"has-text-align-right\"><a href=\"https:\/\/doi.org\/10.33263\/Proceedings11.00390040\">https:\/\/doi.org\/10.33263\/Proceedings11.00390040<\/a><\/p>\n\n\n\n<p>A.-M. Moro\u015fanu, A.Br\u00eenzan, A.G. Ciocan, G. Cog\u0103lniceanu<\/p>\n\n\n\n<div class=\"wp-block-file alignright\"><a href=\"https:\/\/conferenceproceedings.international\/wp-content\/uploads\/2020\/10\/26686384.11.00390040.pdf\" class=\"wp-block-file__button\" download>Download<\/a><\/div>\n\n\n\n<p><\/p>\n\n\n\n<hr class=\"wp-block-separator is-style-wide\"\/>\n\n\n\n<h2 class=\"wp-block-heading\">(19) <strong>Bioactive antimicrobial SiO<sub>2<\/sub>-Ag modified wound-dressings<\/strong><\/h2>\n\n\n\n<p class=\"has-text-align-right\"><a href=\"https:\/\/doi.org\/10.33263\/Proceedings11.00410042\">https:\/\/doi.org\/10.33263\/Proceedings11.00410042<\/a><\/p>\n\n\n\n<p>I.A. Neacsu, I. C. Croitorescu, V.L. Ene, R. Trusca, B.S. Vasile, A.M. Holban, A.C. Birca, E. Andronescu<\/p>\n\n\n\n<div class=\"wp-block-file alignright\"><a href=\"https:\/\/conferenceproceedings.international\/wp-content\/uploads\/2020\/10\/26686384.11.00410042.pdf\" class=\"wp-block-file__button\" download>Download<\/a><\/div>\n\n\n\n<p><\/p>\n\n\n\n<hr class=\"wp-block-separator is-style-wide\"\/>\n\n\n\n<h2 class=\"wp-block-heading\">(20) <strong>Influence of supplementary cementitious materials on hydration and microstructure development of concrete<\/strong><\/h2>\n\n\n\n<p class=\"has-text-align-right\"><a href=\"https:\/\/doi.org\/10.33263\/Proceedings11.00430044\">https:\/\/doi.org\/10.33263\/Proceedings11.00430044<\/a><\/p>\n\n\n\n<p>A.I. Nicoara, R. Trusca, O. Oprea, B.S. Vasile<\/p>\n\n\n\n<div class=\"wp-block-file alignright\"><a href=\"https:\/\/conferenceproceedings.international\/wp-content\/uploads\/2020\/10\/26686384.11.00430044.pdf\" class=\"wp-block-file__button\" download>Download<\/a><\/div>\n\n\n\n<p><\/p>\n\n\n\n<hr class=\"wp-block-separator is-style-wide\"\/>\n\n\n\n<h2 class=\"wp-block-heading\">(21) <strong>Microstructural characterization of ferroelectric oxides thin films based on hafnia<\/strong><\/h2>\n\n\n\n<p class=\"has-text-align-right\"><a href=\"https:\/\/doi.org\/10.33263\/Proceedings11.00450046\">https:\/\/doi.org\/10.33263\/Proceedings11.00450046<\/a><\/p>\n\n\n\n<p>C. Radu, C. M. Istrate, C. Ghica<\/p>\n\n\n\n<div class=\"wp-block-file alignright\"><a href=\"https:\/\/conferenceproceedings.international\/wp-content\/uploads\/2020\/10\/26686384.11.00450046.pdf\" class=\"wp-block-file__button\" download>Download<\/a><\/div>\n\n\n\n<p><\/p>\n\n\n\n<hr class=\"wp-block-separator is-style-wide\"\/>\n\n\n\n<h2 class=\"wp-block-heading\">(22) <strong>Enabling the multifunctionality of thin films through complex engineered nanoscale phases\/nanodomains<\/strong><\/h2>\n\n\n\n<p class=\"has-text-align-right\"><a href=\"https:\/\/doi.org\/10.33263\/Proceedings11.00470047\">https:\/\/doi.org\/10.33263\/Proceedings11.00470047<\/a><\/p>\n\n\n\n<p>N. D. Scarisoreanu, F. Andrei, N. Enea, I. Boerasu, V. Ion, R. Birjega, M. Dinescu, V. S. Teodorescu, C. Ghica, R.F. Negrea<\/p>\n\n\n\n<div class=\"wp-block-file alignright\"><a href=\"https:\/\/conferenceproceedings.international\/wp-content\/uploads\/2020\/10\/26686384.11.00470047.pdf\" class=\"wp-block-file__button\" download>Download<\/a><\/div>\n\n\n\n<p><\/p>\n\n\n\n<hr class=\"wp-block-separator is-style-wide\"\/>\n\n\n\n<h2 class=\"wp-block-heading\">(23) <strong>On the photoelectrochemical performances of rare-earth element doped perovskite thin films deposited by PLD<\/strong><\/h2>\n\n\n\n<p class=\"has-text-align-right\"><a href=\"https:\/\/doi.org\/10.33263\/Proceedings11.00480049\">https:\/\/doi.org\/10.33263\/Proceedings11.00480049<\/a><\/p>\n\n\n\n<p>I. Boerasu, R. Birjega, N.D. Scarisoreanu, M. Dinescu, N. Enea, V. Ion, V. Leca, V. S. Teodorescu, C. Ghica, R.F. Negrea<\/p>\n\n\n\n<div class=\"wp-block-file alignright\"><a href=\"https:\/\/conferenceproceedings.international\/wp-content\/uploads\/2020\/10\/26686384.11.00480049.pdf\" class=\"wp-block-file__button\" download>Download<\/a><\/div>\n\n\n\n<p><\/p>\n\n\n\n<hr class=\"wp-block-separator is-style-wide\"\/>\n\n\n\n<h2 class=\"wp-block-heading\">(24) <strong>Fabrication of silica fibers by electrospinning technique and its application in bone tissue engineering<\/strong><\/h2>\n\n\n\n<p class=\"has-text-align-right\"><a href=\"https:\/\/doi.org\/10.33263\/Proceedings11.00500051\">https:\/\/doi.org\/10.33263\/Proceedings11.00500051<\/a><\/p>\n\n\n\n<p>A.E. Stoica, A.M. Grumezescu, A.O. Hermenean, B.S. Vasile, R. Trusca, O. Oprea, E. Andronescu<\/p>\n\n\n\n<p class=\"has-text-align-right\"><strong>Download<\/strong><\/p>\n\n\n\n<hr class=\"wp-block-separator is-style-wide\"\/>\n\n\n\n<h2 class=\"wp-block-heading\">(25) <strong>Morphological aspects of Bismuth ferrite powders prepared by microwave-assisted hydrothermal method<\/strong><\/h2>\n\n\n\n<p class=\"has-text-align-right\"><a href=\"https:\/\/doi.org\/10.33263\/Proceedings11.00520053\">https:\/\/doi.org\/10.33263\/Proceedings11.00520053<\/a><\/p>\n\n\n\n<p>V.-A. Surdu, Y. Wang, A.C. B\u00eerc\u0103, E. Tanas\u0103, E. Andronescu<\/p>\n\n\n\n<div class=\"wp-block-file alignright\"><a href=\"https:\/\/conferenceproceedings.international\/wp-content\/uploads\/2020\/10\/26686384.11.00520053.pdf\" class=\"wp-block-file__button\" download>Download<\/a><\/div>\n\n\n\n<p><\/p>\n\n\n\n<hr class=\"wp-block-separator is-style-wide\"\/>\n\n\n\n<h2 class=\"wp-block-heading\">(26) <strong>SEM investigations of Fe-doped ZnO powders<\/strong><\/h2>\n\n\n\n<p class=\"has-text-align-right\"><a href=\"https:\/\/doi.org\/10.33263\/Proceedings11.00540055\">https:\/\/doi.org\/10.33263\/Proceedings11.00540055<\/a><\/p>\n\n\n\n<p>R. Trusca, M. Cernea, M. Enculescu,<sup> <\/sup>&nbsp;A.I, Nicoara, T. Popescu,<sup> <\/sup>&nbsp;C. Trisca-Rusu<\/p>\n\n\n\n<div class=\"wp-block-file alignright\"><a href=\"https:\/\/conferenceproceedings.international\/wp-content\/uploads\/2020\/10\/26686384.11.00540055.pdf\" class=\"wp-block-file__button\" download>Download<\/a><\/div>\n\n\n\n<p><\/p>\n\n\n\n<hr class=\"wp-block-separator is-style-wide\"\/>\n\n\n\n<h2 class=\"wp-block-heading\">(27) <strong>Eu<sup>3 +<\/sup> doped hydroxyapatite as a fluorescent material for biomedical applications<\/strong><\/h2>\n\n\n\n<p class=\"has-text-align-right\"><a href=\"https:\/\/doi.org\/10.33263\/Proceedings11.00560057\">https:\/\/doi.org\/10.33263\/Proceedings11.00560057<\/a><\/p>\n\n\n\n<p>O.R. Vasile, E. Andronescu, D. Predoi, I.A. Neacsu, A.V. Paduraru, A.M. Musuc, R. Trusca, O. Oprea, E. Tanasa, A.I. Nicoara, A.V. Surdu, F. Iordache, A.C. Birca, B.S. Vasile<\/p>\n\n\n\n<div class=\"wp-block-file alignright\"><a href=\"https:\/\/conferenceproceedings.international\/wp-content\/uploads\/2020\/10\/26686384.11.00560057.pdf\" class=\"wp-block-file__button\" download>Download<\/a><\/div>\n\n\n\n<p><\/p>\n\n\n\n<hr class=\"wp-block-separator is-style-wide\"\/>\n\n\n\n<h2 class=\"wp-block-heading\">(28) <strong>Study of the interface area in the metalo-ceramic prosthetic restorations by Scanning Electron Microscopy (SEM) and EDS Analysis<\/strong><\/h2>\n\n\n\n<p class=\"has-text-align-right\"><a href=\"https:\/\/doi.org\/10.33263\/Proceedings11.00580059\">https:\/\/doi.org\/10.33263\/Proceedings11.00580059<\/a><\/p>\n\n\n\n<p>V. G. Vasilescu, E. Vasilescu<\/p>\n\n\n\n<div class=\"wp-block-file alignright\"><a href=\"https:\/\/conferenceproceedings.international\/wp-content\/uploads\/2020\/10\/26686384.11.00580059.pdf\" class=\"wp-block-file__button\" download>Download<\/a><\/div>\n\n\n\n<p><\/p>\n\n\n\n<hr class=\"wp-block-separator is-style-wide\"\/>\n\n\n\n<h2 class=\"wp-block-heading\">(29) <strong>Technological conditions control for obtaining the metallic component from the M-C prosthetic restorations, by scanning electron microscopy and EDAX analysis<\/strong><\/h2>\n\n\n\n<p class=\"has-text-align-right\"><a href=\"https:\/\/doi.org\/10.33263\/Proceedings11.00600061\">https:\/\/doi.org\/10.33263\/Proceedings11.00600061<\/a><\/p>\n\n\n\n<p>E. Vasilescu, V. G. Vasilescu<\/p>\n\n\n\n<div class=\"wp-block-file alignright\"><a href=\"https:\/\/conferenceproceedings.international\/wp-content\/uploads\/2020\/10\/26686384.11.00600061.pdf\" class=\"wp-block-file__button\" download>Download<\/a><\/div>\n\n\n\n<p><\/p>\n\n\n\n<hr class=\"wp-block-separator is-style-wide\"\/>\n\n\n\n<h2 class=\"wp-block-heading\">(30) <strong>Microscopy studies on magnetron sputtered thin films with preferred orientation for positron moderation<\/strong><\/h2>\n\n\n\n<p class=\"has-text-align-right\"><a href=\"https:\/\/doi.org\/10.33263\/Proceedings11.00620063\">https:\/\/doi.org\/10.33263\/Proceedings11.00620063<\/a><\/p>\n\n\n\n<p>V.L. Ene, A.B. \u0218erban, V. Leca, B.S. Vasile, E. Andronescu<\/p>\n\n\n\n<div class=\"wp-block-file alignright\"><a href=\"https:\/\/conferenceproceedings.international\/wp-content\/uploads\/2020\/10\/26686384.11.00620063.pdf\" class=\"wp-block-file__button\" download>Download<\/a><\/div>\n\n\n\n<p><\/p>\n\n\n\n<hr class=\"wp-block-separator is-style-wide\"\/>\n\n\n\n<p><\/p>\n\n\n\n<p><\/p>\n\n\n\n<p><\/p>\n\n\n\n<p><\/p>\n\n\n\n<p><\/p>\n\n\n\n<p><\/p>\n\n\n\n<p><\/p>\n\n\n\n<p><\/p>\n\n\n\n<p><\/p>\n\n\n\n<p><\/p>\n\n\n\n<p><\/p>\n\n\n\n<p><\/p>\n\n\n\n<p><\/p>\n\n\n\n<p><\/p>\n\n\n\n<p><\/p>\n\n\n\n<p><\/p>\n\n\n\n<p><\/p>\n","protected":false},"excerpt":{"rendered":"<p>Volume 1, Issue 1, 2019, 15.10.2019 Proceedings of the 3rd&nbsp;Conference of the Romanian Electron Microscopy Society &#8211; CREMS 2019, Poiana Bra\u0219ov, October 23-25, 2019 (1) Editorial &#8211; Proceedings of the 3rd Conference of the Romanian Electron Microscopy Society &#8211; C.R.E.M.S. 2019 (Poiana Bra\u0219ov, Romania, October 23-25, 2019) https:\/\/doi.org\/10.33263\/Proceedings11.001003 Corneliu Ghica, &hellip;<\/p>\n","protected":false},"author":1,"featured_media":0,"parent":9,"menu_order":0,"comment_status":"closed","ping_status":"closed","template":"","meta":{"footnotes":""},"class_list":["post-10","page","type-page","status-publish","hentry"],"_links":{"self":[{"href":"https:\/\/conferenceproceedings.international\/index.php?rest_route=\/wp\/v2\/pages\/10","targetHints":{"allow":["GET"]}}],"collection":[{"href":"https:\/\/conferenceproceedings.international\/index.php?rest_route=\/wp\/v2\/pages"}],"about":[{"href":"https:\/\/conferenceproceedings.international\/index.php?rest_route=\/wp\/v2\/types\/page"}],"author":[{"embeddable":true,"href":"https:\/\/conferenceproceedings.international\/index.php?rest_route=\/wp\/v2\/users\/1"}],"replies":[{"embeddable":true,"href":"https:\/\/conferenceproceedings.international\/index.php?rest_route=%2Fwp%2Fv2%2Fcomments&post=10"}],"version-history":[{"count":32,"href":"https:\/\/conferenceproceedings.international\/index.php?rest_route=\/wp\/v2\/pages\/10\/revisions"}],"predecessor-version":[{"id":905,"href":"https:\/\/conferenceproceedings.international\/index.php?rest_route=\/wp\/v2\/pages\/10\/revisions\/905"}],"up":[{"embeddable":true,"href":"https:\/\/conferenceproceedings.international\/index.php?rest_route=\/wp\/v2\/pages\/9"}],"wp:attachment":[{"href":"https:\/\/conferenceproceedings.international\/index.php?rest_route=%2Fwp%2Fv2%2Fmedia&parent=10"}],"curies":[{"name":"wp","href":"https:\/\/api.w.org\/{rel}","templated":true}]}}