{"id":765,"date":"2020-10-20T05:20:01","date_gmt":"2020-10-20T05:20:01","guid":{"rendered":"https:\/\/conferenceproceedings.international\/?page_id=765"},"modified":"2020-10-20T07:53:37","modified_gmt":"2020-10-20T07:53:37","slug":"issue-2","status":"publish","type":"page","link":"https:\/\/conferenceproceedings.international\/?page_id=765","title":{"rendered":"Issue 2"},"content":{"rendered":"\n<p class=\"has-text-align-center\"><strong>Volume 2, Issue 2, 2020, 27.09.2020<\/strong><\/p>\n\n\n\n<p class=\"has-text-align-center\"><strong>Proceedings of the<\/strong> <strong>Materials Chemistry and Physics (Materials Chemistry 2020) &#8211; International e-Conference<\/strong>, <strong>11-12 September 2020<\/strong><\/p>\n\n\n\n<hr class=\"wp-block-separator is-style-wide\"\/>\n\n\n\n<h2 class=\"wp-block-heading\">(1) <strong><strong>General Info: Materials Chemistry and Physics (Materials Chemistry 2020) \u2013 International e-Conference<\/strong><\/strong><\/h2>\n\n\n\n<p class=\"has-text-align-right\"><a href=\"https:\/\/doi.org\/10.33263\/Proceedings22.001002\">https:\/\/doi.org\/10.33263\/Proceedings22.001002<\/a><\/p>\n\n\n\n<div class=\"wp-block-file alignright\"><a href=\"https:\/\/conferenceproceedings.international\/wp-content\/uploads\/2020\/10\/Proceedings22.001002.pdf\" class=\"wp-block-file__button\" download>Download<\/a><\/div>\n\n\n\n<p><\/p>\n\n\n\n<hr class=\"wp-block-separator is-style-wide\"\/>\n\n\n\n<h2 class=\"wp-block-heading\">(2) <strong>Looking at Electron Dynamics to Better Understand Photo-Active Materials<\/strong><\/h2>\n\n\n\n<p class=\"has-text-align-right\"><a href=\"https:\/\/doi.org\/10.33263\/Proceedings22.003003\">https:\/\/doi.org\/10.33263\/Proceedings22.003003<\/a><\/p>\n\n\n\n<p><strong>Sayantan Bhattacharya, Arthur Graf, Chloe Britton-Powell, Sami Rtimi, Adrien Chauvet<\/strong><\/p>\n\n\n\n<div class=\"wp-block-file alignright\"><a href=\"https:\/\/conferenceproceedings.international\/wp-content\/uploads\/2020\/10\/Proceedings22.003003.pdf\" class=\"wp-block-file__button\" download>Download<\/a><\/div>\n\n\n\n<p><\/p>\n\n\n\n<hr class=\"wp-block-separator is-style-wide\"\/>\n\n\n\n<h2 class=\"wp-block-heading\">(3) <strong>Li-ion Battery Research in Hierarchical Green-Energy Materials Research Center<\/strong><\/h2>\n\n\n\n<p class=\"has-text-align-right\"><a href=\"https:\/\/doi.org\/10.33263\/Proceedings22.004005\">https:\/\/doi.org\/10.33263\/Proceedings22.004005<\/a><\/p>\n\n\n\n<p><strong>Jow-Lay Huang, Alex Chinghuan Lee<\/strong><\/p>\n\n\n\n<div class=\"wp-block-file alignright\"><a href=\"https:\/\/conferenceproceedings.international\/wp-content\/uploads\/2020\/10\/Proceedings22.004005.pdf\" class=\"wp-block-file__button\" download>Download<\/a><\/div>\n\n\n\n<p><\/p>\n\n\n\n<hr class=\"wp-block-separator is-style-wide\"\/>\n\n\n\n<h2 class=\"wp-block-heading\">(4) <strong>Carbon dots: New Biomaterials in Surface Science<\/strong><\/h2>\n\n\n\n<p class=\"has-text-align-right\"><a href=\"https:\/\/doi.org\/10.33263\/Proceedings22.006006\">https:\/\/doi.org\/10.33263\/Proceedings22.006006<\/a><\/p>\n\n\n\n<p><strong>Roger M. Leblanc<\/strong><\/p>\n\n\n\n<div class=\"wp-block-file alignright\"><a href=\"https:\/\/conferenceproceedings.international\/wp-content\/uploads\/2020\/10\/Proceedings22.006006.pdf\" class=\"wp-block-file__button\" download>Download<\/a><\/div>\n\n\n\n<p><\/p>\n\n\n\n<hr class=\"wp-block-separator is-style-wide\"\/>\n\n\n\n<h2 class=\"wp-block-heading\">(5) <strong>New Technologies and Processes Toward Sustainable Society<\/strong><\/h2>\n\n\n\n<p class=\"has-text-align-right\"><a href=\"https:\/\/doi.org\/10.33263\/Proceedings22.007008\">https:\/\/doi.org\/10.33263\/Proceedings22.007008<\/a><\/p>\n\n\n\n<p><strong>Lucia D\u2019Accolti, Daniela Caputo, Michele Casiello, Caterina Fusco, Angelo Nacci<\/strong><\/p>\n\n\n\n<div class=\"wp-block-file alignright\"><a href=\"https:\/\/conferenceproceedings.international\/wp-content\/uploads\/2020\/10\/Proceedings22.007008.pdf\" class=\"wp-block-file__button\" download>Download<\/a><\/div>\n\n\n\n<p><\/p>\n\n\n\n<hr class=\"wp-block-separator is-style-wide\"\/>\n\n\n\n<h2 class=\"wp-block-heading\">(6) <strong>Why is Soft (Green) Processing (= Low-Energy Production) of Advanced Nano-Materials Difficult but Necessary for Sustainable Society?<\/strong><\/h2>\n\n\n\n<p class=\"has-text-align-right\"><a href=\"https:\/\/doi.org\/10.33263\/Proceedings22.009010\">https:\/\/doi.org\/10.33263\/Proceedings22.009010<\/a><\/p>\n\n\n\n<p><strong>Masahiro Yoshimura<\/strong><\/p>\n\n\n\n<div class=\"wp-block-file alignright\"><a href=\"https:\/\/conferenceproceedings.international\/wp-content\/uploads\/2020\/10\/Proceedings22.009010.pdf\" class=\"wp-block-file__button\" download>Download<\/a><\/div>\n\n\n\n<p><\/p>\n\n\n\n<hr class=\"wp-block-separator is-style-wide\"\/>\n\n\n\n<h2 class=\"wp-block-heading\">(7) <strong>Scaling-up Nanoparticle Beam Deposition for Green Synthesis of Advanced Materials<\/strong><\/h2>\n\n\n\n<p class=\"has-text-align-right\"><a href=\"https:\/\/doi.org\/10.33263\/Proceedings22.011012\">https:\/\/doi.org\/10.33263\/Proceedings22.011012<\/a><\/p>\n\n\n\n<p><strong>Richard E. Palmer<\/strong><\/p>\n\n\n\n<div class=\"wp-block-file alignright\"><a href=\"https:\/\/conferenceproceedings.international\/wp-content\/uploads\/2020\/10\/Proceedings22.011012.pdf\" class=\"wp-block-file__button\" download>Download<\/a><\/div>\n\n\n\n<p><\/p>\n\n\n\n<hr class=\"wp-block-separator is-style-wide\"\/>\n\n\n\n<h2 class=\"wp-block-heading\">(8) <strong>Engineering at the Nanoscale: A Strategy for Developing High-Performance Functional Polymer Nanocomposites<\/strong><\/h2>\n\n\n\n<p class=\"has-text-align-right\"><a href=\"https:\/\/doi.org\/10.33263\/Proceedings22.013013\">https:\/\/doi.org\/10.33263\/Proceedings22.013013<\/a><\/p>\n\n\n\n<p><strong>Sabu Thomas<\/strong><\/p>\n\n\n\n<div class=\"wp-block-file alignright\"><a href=\"https:\/\/conferenceproceedings.international\/wp-content\/uploads\/2020\/10\/Proceedings22.013013.pdf\" class=\"wp-block-file__button\" download>Download<\/a><\/div>\n\n\n\n<p><\/p>\n\n\n\n<hr class=\"wp-block-separator is-style-wide\"\/>\n\n\n\n<h2 class=\"wp-block-heading\">(9) <strong>A Novel Microwave Treatment to Augment the Mechanical Properties of Polymeric Materials<\/strong><\/h2>\n\n\n\n<p class=\"has-text-align-right\"><a href=\"https:\/\/doi.org\/10.33263\/Proceedings22.014014\">https:\/\/doi.org\/10.33263\/Proceedings22.014014<\/a><\/p>\n\n\n\n<p><strong>Swamini Chopr, Kavita A. Deshmukh, Kanchan Zine, Kartik Rathod, Abhay Deshmukh, Dilip Peshwe<\/strong><\/p>\n\n\n\n<div class=\"wp-block-file alignright\"><a href=\"https:\/\/conferenceproceedings.international\/wp-content\/uploads\/2020\/10\/Proceedings22.014014.pdf\" class=\"wp-block-file__button\" download>Download<\/a><\/div>\n\n\n\n<p><\/p>\n\n\n\n<hr class=\"wp-block-separator is-style-wide\"\/>\n\n\n\n<h2 class=\"wp-block-heading\">(10) <strong>COVID-19 Global Healthcare System Failures: The Desperate Need for a Paradigm Shift for Better Medical Materials<\/strong><\/h2>\n\n\n\n<p class=\"has-text-align-right\"><a href=\"https:\/\/doi.org\/10.33263\/Proceedings22.015015\">https:\/\/doi.org\/10.33263\/Proceedings22.015015<\/a><\/p>\n\n\n\n<p><strong>Thomas J. Webster<\/strong><\/p>\n\n\n\n<div class=\"wp-block-file alignright\"><a href=\"https:\/\/conferenceproceedings.international\/wp-content\/uploads\/2020\/10\/Proceedings22.015015.pdf\" class=\"wp-block-file__button\" download>Download<\/a><\/div>\n\n\n\n<p><\/p>\n\n\n\n<hr class=\"wp-block-separator is-style-wide\"\/>\n\n\n\n<h2 class=\"wp-block-heading\">(11) <strong>An Account on Functionalization of Materials: Influence on the Performance Evaluation of Solid State Devices<\/strong><\/h2>\n\n\n\n<p class=\"has-text-align-right\"><a href=\"https:\/\/doi.org\/10.33263\/Proceedings22.016016\">https:\/\/doi.org\/10.33263\/Proceedings22.016016<\/a><\/p>\n\n\n\n<p><strong>Madhumita Mukhopadhyay, Jayanta Mukhopadhyay, Abhijit Das Sharma<\/strong><\/p>\n\n\n\n<div class=\"wp-block-file alignright\"><a href=\"https:\/\/conferenceproceedings.international\/wp-content\/uploads\/2020\/10\/Proceedings22.016016.pdf\" class=\"wp-block-file__button\" download>Download<\/a><\/div>\n\n\n\n<p><\/p>\n\n\n\n<hr class=\"wp-block-separator is-style-wide\"\/>\n\n\n\n<h2 class=\"wp-block-heading\">(12) <strong>Active Roles of Water in Aqueous Assembly of Macromolecules<\/strong><\/h2>\n\n\n\n<p class=\"has-text-align-right\"><a href=\"https:\/\/doi.org\/10.33263\/Proceedings22.017017\">https:\/\/doi.org\/10.33263\/Proceedings22.017017<\/a><\/p>\n\n\n\n<p><strong>Xiaosong Wang<\/strong><\/p>\n\n\n\n<div class=\"wp-block-file alignright\"><a href=\"https:\/\/conferenceproceedings.international\/wp-content\/uploads\/2020\/10\/Proceedings22.017017.pdf\" class=\"wp-block-file__button\" download>Download<\/a><\/div>\n\n\n\n<p><\/p>\n\n\n\n<hr class=\"wp-block-separator is-style-wide\"\/>\n\n\n\n<h2 class=\"wp-block-heading\">(13) <strong>Joining of Stainless Steel with Novel Filler Material and its<br>Weldability Studies<\/strong><\/h2>\n\n\n\n<p class=\"has-text-align-right\"><a href=\"https:\/\/doi.org\/10.33263\/Proceedings22.018019\">https:\/\/doi.org\/10.33263\/Proceedings22.018019<\/a><\/p>\n\n\n\n<p><strong>Koushik Kosanam, Nataraj JR<\/strong><\/p>\n\n\n\n<div class=\"wp-block-file alignright\"><a href=\"https:\/\/conferenceproceedings.international\/wp-content\/uploads\/2020\/10\/Proceedings22.018019.pdf\" class=\"wp-block-file__button\" download>Download<\/a><\/div>\n\n\n\n<p><\/p>\n\n\n\n<hr class=\"wp-block-separator is-style-wide\"\/>\n\n\n\n<h2 class=\"wp-block-heading\">(14) <strong>Piezoelectric on Natural Fiber Reinforced Epoxy Composite for Wireless Energy Harvesting<\/strong><\/h2>\n\n\n\n<p class=\"has-text-align-right\"><a href=\"https:\/\/doi.org\/10.33263\/Proceedings22.020020\">https:\/\/doi.org\/10.33263\/Proceedings22.020020<\/a><\/p>\n\n\n\n<div class=\"wp-block-file alignright\"><a href=\"https:\/\/conferenceproceedings.international\/wp-content\/uploads\/2020\/10\/Proceedings22.020020.pdf\" class=\"wp-block-file__button\" download>Download<\/a><\/div>\n\n\n\n<p><\/p>\n\n\n\n<hr class=\"wp-block-separator is-style-wide\"\/>\n\n\n\n<h2 class=\"wp-block-heading\">(15) <strong>Silver Nanoparticle Deposition on Boron Nitride Surface<\/strong><\/h2>\n\n\n\n<p class=\"has-text-align-right\"><a href=\"https:\/\/doi.org\/10.33263\/Proceedings22.021021\">https:\/\/doi.org\/10.33263\/Proceedings22.021021<\/a><\/p>\n\n\n\n<p><strong>Safa Polat<\/strong><\/p>\n\n\n\n<div class=\"wp-block-file alignright\"><a href=\"https:\/\/conferenceproceedings.international\/wp-content\/uploads\/2020\/10\/Proceedings22.021021.pdf\" class=\"wp-block-file__button\" download>Download<\/a><\/div>\n\n\n\n<p><\/p>\n\n\n\n<hr class=\"wp-block-separator is-style-wide\"\/>\n\n\n\n<h2 class=\"wp-block-heading\">(16) <strong>Theoretical Investigation of Thermal Expansion Coefficients of SiC Reinforced Copper Matrix Composites<\/strong><\/h2>\n\n\n\n<p class=\"has-text-align-right\"><a href=\"https:\/\/doi.org\/10.33263\/Proceedings22.022022\">https:\/\/doi.org\/10.33263\/Proceedings22.022022<\/a><\/p>\n\n\n\n<p><strong>Safa Polat<\/strong><\/p>\n\n\n\n<div class=\"wp-block-file alignright\"><a href=\"https:\/\/conferenceproceedings.international\/wp-content\/uploads\/2020\/10\/Proceedings22.022022.pdf\" class=\"wp-block-file__button\" download>Download<\/a><\/div>\n\n\n\n<p><\/p>\n\n\n\n<hr class=\"wp-block-separator is-style-wide\"\/>\n\n\n\n<h2 class=\"wp-block-heading\">(17) <strong>Characterization of Forcespun Polycaprolactone Fibers Infused with Bio-Based Hydroxyapatite for Biomedical Applications<\/strong><\/h2>\n\n\n\n<p class=\"has-text-align-right\"><a href=\"https:\/\/doi.org\/10.33263\/Proceedings22.023023\">https:\/\/doi.org\/10.33263\/Proceedings22.023023<\/a><\/p>\n\n\n\n<p><strong>Deepa Kodali, Vincent Hembrick-Holloman, Shaik Jeelani, Vijaya K. Rangari<\/strong><\/p>\n\n\n\n<div class=\"wp-block-file alignright\"><a href=\"https:\/\/conferenceproceedings.international\/wp-content\/uploads\/2020\/10\/Proceedings22.023023.pdf\" class=\"wp-block-file__button\" download>Download<\/a><\/div>\n\n\n\n<p><\/p>\n\n\n\n<hr class=\"wp-block-separator is-style-wide\"\/>\n\n\n\n<h2 class=\"wp-block-heading\">(18) <strong>Design,\u00a0Analysis\u00a0and\u00a0Finite Element Modeling\u00a0of Macro Fiber Composite Piezoelectric Materials<\/strong><\/h2>\n\n\n\n<p class=\"has-text-align-right\"><a href=\"https:\/\/doi.org\/10.33263\/Proceedings22.024024\">https:\/\/doi.org\/10.33263\/Proceedings22.024024<\/a><\/p>\n\n\n\n<p><strong>Dounia El Fadlaoui, Brahim Boubeker, Mohamed Idiri, Soukaina Essaket<\/strong><\/p>\n\n\n\n<div class=\"wp-block-file alignright\"><a href=\"https:\/\/conferenceproceedings.international\/wp-content\/uploads\/2020\/10\/Proceedings22.024024.pdf\" class=\"wp-block-file__button\" download>Download<\/a><\/div>\n\n\n\n<p><\/p>\n\n\n\n<hr class=\"wp-block-separator is-style-wide\"\/>\n\n\n\n<h2 class=\"wp-block-heading\">(19) <strong>Density Functional Theory Study of Bone Tissues: the Role of Water in Conferring Bone Strength<\/strong><\/h2>\n\n\n\n<p class=\"has-text-align-right\"><a href=\"https:\/\/doi.org\/10.33263\/Proceedings22.025025\">https:\/\/doi.org\/10.33263\/Proceedings22.025025<\/a><\/p>\n\n\n\n<p><strong>Valerie Vaissier Welborn<\/strong><\/p>\n\n\n\n<div class=\"wp-block-file alignright\"><a href=\"https:\/\/conferenceproceedings.international\/wp-content\/uploads\/2020\/10\/Proceedings22.025025.pdf\" class=\"wp-block-file__button\" download>Download<\/a><\/div>\n\n\n\n<p><\/p>\n\n\n\n<hr class=\"wp-block-separator is-style-wide\"\/>\n\n\n\n<h2 class=\"wp-block-heading\">(20) <strong>Near-Infrared Photothermal Therapy Cancer Treatment Assisted with Graphene-Based Materials<\/strong><\/h2>\n\n\n\n<p class=\"has-text-align-right\"><a href=\"https:\/\/doi.org\/10.33263\/Proceedings22.026026\">https:\/\/doi.org\/10.33263\/Proceedings22.026026<\/a><\/p>\n\n\n\n<p><strong>Faith Cheung<\/strong><\/p>\n\n\n\n<div class=\"wp-block-file alignright\"><a href=\"https:\/\/conferenceproceedings.international\/wp-content\/uploads\/2020\/10\/Proceedings22.026026.pdf\" class=\"wp-block-file__button\" download>Download<\/a><\/div>\n\n\n\n<p><\/p>\n\n\n\n<hr class=\"wp-block-separator is-style-wide\"\/>\n\n\n\n<h2 class=\"wp-block-heading\">(21) <strong>Composite Epoxy-Graphite Materials and Their Electrochemical Application<\/strong><\/h2>\n\n\n\n<p class=\"has-text-align-right\"><a href=\"https:\/\/doi.org\/10.33263\/Proceedings22.027028\">https:\/\/doi.org\/10.33263\/Proceedings22.027028<\/a><\/p>\n\n\n\n<p><strong>Abel I Balbin<\/strong><\/p>\n\n\n\n<div class=\"wp-block-file alignright\"><a href=\"https:\/\/conferenceproceedings.international\/wp-content\/uploads\/2020\/10\/Proceedings22.027028.pdf\" class=\"wp-block-file__button\" download>Download<\/a><\/div>\n\n\n\n<p><\/p>\n\n\n\n<hr class=\"wp-block-separator is-style-wide\"\/>\n\n\n\n<h2 class=\"wp-block-heading\">(22) <strong>Proteomic Profiling of Human Umbilical Cord Blood Serum and its Potential Use in Regenerative Therapies<\/strong><\/h2>\n\n\n\n<p class=\"has-text-align-right\"><a href=\"https:\/\/doi.org\/10.33263\/Proceedings22.029030\">https:\/\/doi.org\/10.33263\/Proceedings22.029030<\/a><\/p>\n\n\n\n<p><strong>Ashmitha K. Shetty, R. Deveswaran , Ashish Rai , Shivani S. , Manasa B. L. , Saloni B.<\/strong><\/p>\n\n\n\n<div class=\"wp-block-file alignright\"><a href=\"https:\/\/conferenceproceedings.international\/wp-content\/uploads\/2020\/10\/Proceedings22.029030.pdf\" class=\"wp-block-file__button\" download>Download<\/a><\/div>\n\n\n\n<p><\/p>\n\n\n\n<hr class=\"wp-block-separator is-style-wide\"\/>\n\n\n\n<h2 class=\"wp-block-heading\">(23) <strong>The Development and Application of Wooden Materials in Turkish Arts<\/strong><\/h2>\n\n\n\n<p class=\"has-text-align-right\"><a href=\"https:\/\/doi.org\/10.33263\/Proceedings22.031031\">https:\/\/doi.org\/10.33263\/Proceedings22.031031<\/a><\/p>\n\n\n\n<p><strong>Ayta\u00e7 Akinay<\/strong><\/p>\n\n\n\n<div class=\"wp-block-file alignright\"><a href=\"https:\/\/conferenceproceedings.international\/wp-content\/uploads\/2020\/10\/Proceedings22.031031.pdf\" class=\"wp-block-file__button\" download>Download<\/a><\/div>\n\n\n\n<p><\/p>\n\n\n\n<hr class=\"wp-block-separator is-style-wide\"\/>\n\n\n\n<h2 class=\"wp-block-heading\">(24) <strong>Controlling Intermolecular H-atom Abstraction with Ultrafast Pump-Push-Probe Spectroscopy<\/strong><\/h2>\n\n\n\n<p class=\"has-text-align-right\"><a href=\"https:\/\/doi.org\/10.33263\/Proceedings22.032032\">https:\/\/doi.org\/10.33263\/Proceedings22.032032<\/a><\/p>\n\n\n\n<p><strong>Cody W. Schlenker<\/strong><\/p>\n\n\n\n<div class=\"wp-block-file alignright\"><a href=\"https:\/\/conferenceproceedings.international\/wp-content\/uploads\/2020\/10\/Proceedings22.032032.pdf\" class=\"wp-block-file__button\" download>Download<\/a><\/div>\n\n\n\n<p><\/p>\n\n\n\n<hr class=\"wp-block-separator is-style-wide\"\/>\n\n\n\n<h2 class=\"wp-block-heading\">(25) <strong>Electric and Dielectric Behavior of Purified Galactomannan Films<\/strong><\/h2>\n\n\n\n<p class=\"has-text-align-right\"><a href=\"https:\/\/doi.org\/10.33263\/Proceedings22.033034\">https:\/\/doi.org\/10.33263\/Proceedings22.033034<\/a><\/p>\n\n\n\n<p><strong>Filipe Amaral, Jo\u00e3o Silva Neto, Lincoln Cavalcante, Adenilson Santos, Manuel Gra\u00e7a, Fernando Mendes, Ana Mac\u00eado<\/strong><\/p>\n\n\n\n<div class=\"wp-block-file alignright\"><a href=\"https:\/\/conferenceproceedings.international\/wp-content\/uploads\/2020\/10\/Proceedings22.033034.pdf\" class=\"wp-block-file__button\" download>Download<\/a><\/div>\n\n\n\n<p><\/p>\n\n\n\n<hr class=\"wp-block-separator is-style-wide\"\/>\n\n\n\n<h2 class=\"wp-block-heading\">(26) <strong>Advanced Technology for 3D Nanoprinting<\/strong><\/h2>\n\n\n\n<p class=\"has-text-align-right\"><a href=\"https:\/\/doi.org\/10.33263\/Proceedings22.035035\">https:\/\/doi.org\/10.33263\/Proceedings22.035035<\/a><\/p>\n\n\n\n<p><strong>Gang-Yu Liu<sup>,<\/sup> Yunbo Zheng, Brad Harris, Arpad Karsai, Roland Faller<\/strong><\/p>\n\n\n\n<div class=\"wp-block-file alignright\"><a href=\"https:\/\/conferenceproceedings.international\/wp-content\/uploads\/2020\/10\/Proceedings22.035035.pdf\" class=\"wp-block-file__button\" download>Download<\/a><\/div>\n\n\n\n<p><\/p>\n\n\n\n<hr class=\"wp-block-separator is-style-wide\"\/>\n\n\n\n<h2 class=\"wp-block-heading\">(27) <strong>Light-Responsive Porous Aromatic Frameworks: Generation of Photon Upconverted Emission and Modulation of Porosity by Bulk Photoisomerization<\/strong><\/h2>\n\n\n\n<p class=\"has-text-align-right\"><a href=\"https:\/\/doi.org\/10.33263\/Proceedings22.036037\">https:\/\/doi.org\/10.33263\/Proceedings22.036037<\/a><\/p>\n\n\n\n<p><strong>Jacopo Perego, Silvia Bracco, Charl X. Bezuidenhout, Angiolina Comotti, Piero Sozzani<\/strong><\/p>\n\n\n\n<div class=\"wp-block-file alignright\"><a href=\"https:\/\/conferenceproceedings.international\/wp-content\/uploads\/2020\/10\/Proceedings22.036037.pdf\" class=\"wp-block-file__button\" download>Download<\/a><\/div>\n\n\n\n<p><\/p>\n\n\n\n<hr class=\"wp-block-separator is-style-wide\"\/>\n\n\n\n<h2 class=\"wp-block-heading\">(28) <strong>Self-Healing Material Design and Optimization for Soft Robotic Applications<\/strong><\/h2>\n\n\n\n<p class=\"has-text-align-right\"><a href=\"https:\/\/doi.org\/10.33263\/Proceedings22.038038\">https:\/\/doi.org\/10.33263\/Proceedings22.038038<\/a><\/p>\n\n\n\n<p><strong>Joost Brancart, Seppe Terryn, Ellen Roels, Bram Vanderborght, Guy Van Assche<\/strong><\/p>\n\n\n\n<div class=\"wp-block-file alignright\"><a href=\"https:\/\/conferenceproceedings.international\/wp-content\/uploads\/2020\/10\/Proceedings22.038038.pdf\" class=\"wp-block-file__button\" download>Download<\/a><\/div>\n\n\n\n<p><\/p>\n\n\n\n<hr class=\"wp-block-separator is-style-wide\"\/>\n\n\n\n<h2 class=\"wp-block-heading\">(29) <strong>Innovative Carbon Based Materials for Solid State Hydrogen Storage and Energy Storage<\/strong><\/h2>\n\n\n\n<p class=\"has-text-align-right\"><a href=\"https:\/\/doi.org\/10.33263\/Proceedings22.039039\">https:\/\/doi.org\/10.33263\/Proceedings22.039039<\/a><\/p>\n\n\n\n<p><strong>Milanese Chiara, Alessandro Girella, Amedeo Marini, Daniele Pontiroli, Mattia Gaboardi, Giacomo Magnani, Mauro Ricc\u00f2<\/strong><\/p>\n\n\n\n<div class=\"wp-block-file alignright\"><a href=\"https:\/\/conferenceproceedings.international\/wp-content\/uploads\/2020\/10\/Proceedings22.039039.pdf\" class=\"wp-block-file__button\" download>Download<\/a><\/div>\n\n\n\n<p><\/p>\n\n\n\n<hr class=\"wp-block-separator is-style-wide\"\/>\n\n\n\n<h2 class=\"wp-block-heading\">(30) <strong>Epoxy Resins and their Zinc Composites as Novel Anti-Corrosive Materials for Copper in 3% Sodium Chloride Solution: Experimental and Computational Studies<\/strong><\/h2>\n\n\n\n<p class=\"has-text-align-right\"><a href=\"https:\/\/doi.org\/10.33263\/Proceedings22.040041\">https:\/\/doi.org\/10.33263\/Proceedings22.040041<\/a><\/p>\n\n\n\n<p><strong>Omar Dagdag, Zaki Safi, Chandrabhan Verma, E. E. Ebenso, Nuha Wazzan, Mustapha El Gouri<\/strong><\/p>\n\n\n\n<div class=\"wp-block-file alignright\"><a href=\"https:\/\/conferenceproceedings.international\/wp-content\/uploads\/2020\/10\/Proceedings22.040041.pdf\" class=\"wp-block-file__button\" download>Download<\/a><\/div>\n\n\n\n<p><\/p>\n\n\n\n<hr class=\"wp-block-separator is-style-wide\"\/>\n\n\n\n<h2 class=\"wp-block-heading\">(31) <strong>Recycle of Zincates and Aluminum to Fed Zn-Air Fuel Cells<\/strong><\/h2>\n\n\n\n<p class=\"has-text-align-right\"><a href=\"https:\/\/doi.org\/10.33263\/Proceedings22.042043\">https:\/\/doi.org\/10.33263\/Proceedings22.042043<\/a><\/p>\n\n\n\n<p><strong>Patrizia Bocchetta, Donato Cannoletta, Filippo Selleri<\/strong><\/p>\n\n\n\n<div class=\"wp-block-file alignright\"><a href=\"https:\/\/conferenceproceedings.international\/wp-content\/uploads\/2020\/10\/Proceedings22.042043.pdf\" class=\"wp-block-file__button\" download>Download<\/a><\/div>\n\n\n\n<p><\/p>\n\n\n\n<hr class=\"wp-block-separator is-style-wide\"\/>\n\n\n\n<h2 class=\"wp-block-heading\">(32) <strong>Twistronics: A Recent Avenue in van der Waals Heterostructures<\/strong><\/h2>\n\n\n\n<p class=\"has-text-align-right\"><a href=\"https:\/\/doi.org\/10.33263\/Proceedings22.044044\">https:\/\/doi.org\/10.33263\/Proceedings22.044044<\/a><\/p>\n\n\n\n<p><strong>Pramoda Kumar Nayak<\/strong><\/p>\n\n\n\n<div class=\"wp-block-file alignright\"><a href=\"https:\/\/conferenceproceedings.international\/wp-content\/uploads\/2020\/10\/Proceedings22.044044.pdf\" class=\"wp-block-file__button\" download>Download<\/a><\/div>\n\n\n\n<p><\/p>\n\n\n\n<hr class=\"wp-block-separator is-style-wide\"\/>\n\n\n\n<h2 class=\"wp-block-heading\">(33) <strong>Carbon Dots: From Lab Synthesis to Unique Applications<\/strong><\/h2>\n\n\n\n<p class=\"has-text-align-right\"><a href=\"https:\/\/doi.org\/10.33263\/Proceedings22.045046\">https:\/\/doi.org\/10.33263\/Proceedings22.045046<\/a><\/p>\n\n\n\n<p><strong>Yiqun Zhou, Roger M. Leblanc<\/strong><\/p>\n\n\n\n<div class=\"wp-block-file alignright\"><a href=\"https:\/\/conferenceproceedings.international\/wp-content\/uploads\/2020\/10\/Proceedings22.045046.pdf\" class=\"wp-block-file__button\" download>Download<\/a><\/div>\n\n\n\n<p><\/p>\n\n\n\n<hr class=\"wp-block-separator is-style-wide\"\/>\n\n\n\n<h2 class=\"wp-block-heading\">(34) <strong>Photocatalytic CO<sub>2<\/sub> Reduction and Thermal Properties of Alumina\/Silica Coated TiO<sub>2<\/sub> Nanoparticles<\/strong><\/h2>\n\n\n\n<p class=\"has-text-align-right\"><a href=\"https:\/\/doi.org\/10.33263\/Proceedings22.047047\">https:\/\/doi.org\/10.33263\/Proceedings22.047047<\/a><\/p>\n\n\n\n<p><strong>Yuksel Akinay, Ihsan Nuri Akkus<\/strong><\/p>\n\n\n\n<div class=\"wp-block-file alignright\"><a href=\"https:\/\/conferenceproceedings.international\/wp-content\/uploads\/2020\/10\/Proceedings22.047047.pdf\" class=\"wp-block-file__button\" download>Download<\/a><\/div>\n\n\n\n<p><\/p>\n\n\n\n<hr class=\"wp-block-separator is-style-wide\"\/>\n\n\n\n<h2 class=\"wp-block-heading\">(35) <strong>Hydrophobic Waxes in Ivory Nuts Affect Surface Modification by Atmospheric Air Plasma Jet<\/strong><\/h2>\n\n\n\n<p class=\"has-text-align-right\"><a href=\"https:\/\/doi.org\/10.33263\/Proceedings22.048049\">https:\/\/doi.org\/10.33263\/Proceedings22.048049<\/a><\/p>\n\n\n\n<p><strong>Yuri Ferreira da Silva, Renata Nunes Oliveira, Renata Antoun Sim\u00e3o<\/strong><\/p>\n\n\n\n<div class=\"wp-block-file alignright\"><a href=\"https:\/\/conferenceproceedings.international\/wp-content\/uploads\/2020\/10\/Proceedings22.048049.pdf\" class=\"wp-block-file__button\" download>Download<\/a><\/div>\n\n\n\n<p><\/p>\n\n\n\n<hr class=\"wp-block-separator is-style-wide\"\/>\n\n\n\n<h2 class=\"wp-block-heading\">(36) <strong>New nanotechnologies for Energy saving and Resiliency of the Built Environment<\/strong><\/h2>\n\n\n\n<p class=\"has-text-align-right\"><a href=\"https:\/\/doi.org\/10.33263\/Proceedings22.050050\">https:\/\/doi.org\/10.33263\/Proceedings22.050050<\/a><\/p>\n\n\n\n<p><strong>Umberto Berardi<\/strong><\/p>\n\n\n\n<div class=\"wp-block-file alignright\"><a href=\"https:\/\/conferenceproceedings.international\/wp-content\/uploads\/2020\/10\/Proceedings22.050050.pdf\" class=\"wp-block-file__button\" download>Download<\/a><\/div>\n\n\n\n<p><\/p>\n\n\n\n<hr class=\"wp-block-separator is-style-wide\"\/>\n\n\n\n<p><\/p>\n\n\n\n<p><\/p>\n\n\n\n<p><\/p>\n\n\n\n<p><\/p>\n\n\n\n<p><\/p>\n\n\n\n<p><\/p>\n\n\n\n<p><\/p>\n\n\n\n<p><\/p>\n\n\n\n<p><\/p>\n","protected":false},"excerpt":{"rendered":"<p>Volume 2, Issue 2, 2020, 27.09.2020 Proceedings of the Materials Chemistry and Physics (Materials Chemistry 2020) &#8211; International e-Conference, 11-12 September 2020 (1) General Info: Materials Chemistry and Physics (Materials Chemistry 2020) \u2013 International e-Conference https:\/\/doi.org\/10.33263\/Proceedings22.001002 (2) Looking at Electron Dynamics to Better Understand Photo-Active Materials https:\/\/doi.org\/10.33263\/Proceedings22.003003 Sayantan Bhattacharya, Arthur &hellip;<\/p>\n","protected":false},"author":1,"featured_media":0,"parent":529,"menu_order":2,"comment_status":"closed","ping_status":"closed","template":"","meta":{"footnotes":""},"class_list":["post-765","page","type-page","status-publish","hentry"],"_links":{"self":[{"href":"https:\/\/conferenceproceedings.international\/index.php?rest_route=\/wp\/v2\/pages\/765","targetHints":{"allow":["GET"]}}],"collection":[{"href":"https:\/\/conferenceproceedings.international\/index.php?rest_route=\/wp\/v2\/pages"}],"about":[{"href":"https:\/\/conferenceproceedings.international\/index.php?rest_route=\/wp\/v2\/types\/page"}],"author":[{"embeddable":true,"href":"https:\/\/conferenceproceedings.international\/index.php?rest_route=\/wp\/v2\/users\/1"}],"replies":[{"embeddable":true,"href":"https:\/\/conferenceproceedings.international\/index.php?rest_route=%2Fwp%2Fv2%2Fcomments&post=765"}],"version-history":[{"count":38,"href":"https:\/\/conferenceproceedings.international\/index.php?rest_route=\/wp\/v2\/pages\/765\/revisions"}],"predecessor-version":[{"id":844,"href":"https:\/\/conferenceproceedings.international\/index.php?rest_route=\/wp\/v2\/pages\/765\/revisions\/844"}],"up":[{"embeddable":true,"href":"https:\/\/conferenceproceedings.international\/index.php?rest_route=\/wp\/v2\/pages\/529"}],"wp:attachment":[{"href":"https:\/\/conferenceproceedings.international\/index.php?rest_route=%2Fwp%2Fv2%2Fmedia&parent=765"}],"curies":[{"name":"wp","href":"https:\/\/api.w.org\/{rel}","templated":true}]}}